{"id":3,"date":"2020-12-08T21:18:33","date_gmt":"2020-12-08T20:18:33","guid":{"rendered":"https:\/\/www.sts-schwingungstechnik.de\/?page_id=3"},"modified":"2025-10-02T11:31:00","modified_gmt":"2025-10-02T09:31:00","slug":"datenschutzerklaerung","status":"publish","type":"page","link":"https:\/\/www.sts-schwingungstechnik.de\/en\/datenschutzerklaerung\/","title":{"rendered":"Datenschutzerkl\u00e4rung"},"content":{"rendered":"\t\t<div data-elementor-type=\"wp-page\" data-elementor-id=\"3\" class=\"elementor elementor-3\" data-elementor-post-type=\"page\">\n\t\t\t\t\t\t<section class=\"elementor-section elementor-top-section elementor-element elementor-element-d5d215c elementor-section-full_width elementor-section-height-min-height elementor-section-items-stretch elementor-section-content-middle elementor-section-height-default\" data-id=\"d5d215c\" data-element_type=\"section\" data-e-type=\"section\" data-settings=\"{&quot;background_background&quot;:&quot;classic&quot;}\">\n\t\t\t\t\t\t\t<div class=\"elementor-background-overlay\"><\/div>\n\t\t\t\t\t\t\t<div class=\"elementor-container elementor-column-gap-no\">\n\t\t\t\t\t<div class=\"elementor-column elementor-col-100 elementor-top-column elementor-element elementor-element-469d109\" data-id=\"469d109\" data-element_type=\"column\" data-e-type=\"column\">\n\t\t\t<div class=\"elementor-widget-wrap elementor-element-populated\">\n\t\t\t\t\t\t<div class=\"elementor-element elementor-element-cc321ab elementor-widget elementor-widget-text-editor\" data-id=\"cc321ab\" data-element_type=\"widget\" data-e-type=\"widget\" data-widget_type=\"text-editor.default\">\n\t\t\t\t\t\t\t\t\t<p>DATENSCHUTZERKL\u00c4RUNG<\/p>\t\t\t\t\t\t\t\t<\/div>\n\t\t\t\t\t<\/div>\n\t\t<\/div>\n\t\t\t\t\t<\/div>\n\t\t<\/section>\n\t\t\t\t<section class=\"elementor-section elementor-top-section elementor-element elementor-element-2e7fbf40 elementor-section-boxed elementor-section-height-default elementor-section-height-default\" data-id=\"2e7fbf40\" data-element_type=\"section\" data-e-type=\"section\">\n\t\t\t\t\t\t<div class=\"elementor-container elementor-column-gap-default\">\n\t\t\t\t\t<div class=\"elementor-column elementor-col-100 elementor-top-column elementor-element elementor-element-354c0e31\" data-id=\"354c0e31\" data-element_type=\"column\" data-e-type=\"column\">\n\t\t\t<div class=\"elementor-widget-wrap elementor-element-populated\">\n\t\t\t\t\t\t<div class=\"elementor-element elementor-element-cf11810 elementor-widget__width-initial elementor-widget elementor-widget-heading\" data-id=\"cf11810\" data-element_type=\"widget\" data-e-type=\"widget\" data-widget_type=\"heading.default\">\n\t\t\t\t\t<h1 class=\"elementor-heading-title elementor-size-xl\">STS Schwingungstechnik: Datenschutz<\/h1>\t\t\t\t<\/div>\n\t\t\t\t<div class=\"elementor-element elementor-element-75f1adc1 elementor-widget__width-initial elementor-widget elementor-widget-text-editor\" data-id=\"75f1adc1\" data-element_type=\"widget\" data-e-type=\"widget\" data-widget_type=\"text-editor.default\">\n\t\t\t\t\t\t\t\t\t<h1 data-start=\"350\" data-end=\"416\">Datenschutzerkl\u00e4rung\u00a0<\/h1><h1 data-start=\"350\" data-end=\"416\">STS Schwingungstechnik Schuster GmbH<\/h1><h2 data-start=\"418\" data-end=\"445\">1. Allgemeine Hinweise<\/h2><p data-start=\"446\" data-end=\"717\">Wir nehmen den Schutz Ihrer pers\u00f6nlichen Daten sehr ernst. Personenbezogene Daten sind alle Daten, mit denen Sie pers\u00f6nlich identifiziert werden k\u00f6nnen. Diese Datenschutzerkl\u00e4rung erl\u00e4utert, welche Daten wir erheben, wie wir sie nutzen und welche Rechte Ihnen zustehen.<\/p><h2 data-start=\"719\" data-end=\"749\">2. Verantwortliche Stelle<\/h2><p data-start=\"750\" data-end=\"903\">STS Schwingungstechnik Schuster GmbH<br data-start=\"786\" data-end=\"789\" \/>Adam-Riese-Str. 7<br data-start=\"806\" data-end=\"809\" \/>73529 Schw\u00e4bisch Gm\u00fcnd<br data-start=\"831\" data-end=\"834\" \/>Telefon: +49 (0)7171 79830<br data-start=\"860\" data-end=\"863\" \/>E-Mail: <a class=\"decorated-link cursor-pointer\" rel=\"noopener\" data-start=\"871\" data-end=\"901\">info@sts-schwingungstechnik.de<\/a><\/p><h2 data-start=\"905\" data-end=\"946\">3. Datenerfassung auf dieser Website<\/h2><h3 data-start=\"948\" data-end=\"972\">a) Server-Logfiles<\/h3><p data-start=\"973\" data-end=\"1224\">Beim Aufruf unserer Website erhebt DomainFactory als Hosting-Anbieter automatisch Daten (IP-Adresse, Browsertyp, Betriebssystem, Referrer-URL, Uhrzeit). Diese Daten dienen ausschlie\u00dflich der technischen Bereitstellung und werden regelm\u00e4\u00dfig gel\u00f6scht.<\/p><h3 data-start=\"1226\" data-end=\"1252\">b) Cookies &amp; Consent<\/h3><p data-start=\"1253\" data-end=\"1481\">Wir nutzen <strong data-start=\"1264\" data-end=\"1282\">Borlabs Cookie<\/strong>, um Ihre Einwilligung nach Art. 6 Abs. 1 lit. a DSGVO einzuholen. Sie k\u00f6nnen Ihre Cookie-Einstellungen jederzeit im Footer \u00e4ndern. Ohne Ihre Zustimmung setzen wir nur technisch notwendige Cookies.<\/p><h3 data-start=\"1483\" data-end=\"1524\">c) Kontaktformulare &amp; Kommunikation<\/h3><ul data-start=\"1525\" data-end=\"1834\"><li data-start=\"1525\" data-end=\"1653\"><p data-start=\"1527\" data-end=\"1653\">Wenn Sie unser <strong data-start=\"1542\" data-end=\"1561\">Kontaktformular<\/strong> (Elementor) nutzen, speichern wir Ihre Angaben (Name, E-Mail, Nachricht) zur Bearbeitung.<\/p><\/li><li data-start=\"1654\" data-end=\"1746\"><p data-start=\"1656\" data-end=\"1746\">Anfragen werden zus\u00e4tzlich in Outlook weitergeleitet und im Formular-Plugin gespeichert.<\/p><\/li><li data-start=\"1747\" data-end=\"1834\"><p data-start=\"1749\" data-end=\"1834\">Wir verwenden <strong data-start=\"1763\" data-end=\"1786\">Google reCAPTCHA v2<\/strong> und Honeypot-Funktion, um Spam zu verhindern.<\/p><\/li><\/ul><h2 data-start=\"1836\" data-end=\"1851\">4. Hosting<\/h2><p data-start=\"1852\" data-end=\"1972\">Unsere Website wird bei <strong data-start=\"1876\" data-end=\"1898\">DomainFactory GmbH<\/strong> gehostet. Hierbei k\u00f6nnen technisch notwendige Daten verarbeitet werden.<\/p><h2 data-start=\"1974\" data-end=\"2000\">5. Tracking &amp; Analyse<\/h2><ul data-start=\"2001\" data-end=\"2219\"><li data-start=\"2001\" data-end=\"2095\"><p data-start=\"2003\" data-end=\"2095\"><strong data-start=\"2003\" data-end=\"2025\">Google Analytics 4<\/strong> (inkl. IP-Anonymisierung, Consent Mode v2) \u2013 nur nach Einwilligung.<\/p><\/li><li data-start=\"2096\" data-end=\"2156\"><p data-start=\"2098\" data-end=\"2156\"><strong data-start=\"2098\" data-end=\"2108\">Hotjar<\/strong> \u2013 zur Analyse des Nutzerverhaltens (geplant).<\/p><\/li><li data-start=\"2157\" data-end=\"2219\"><p data-start=\"2159\" data-end=\"2219\"><strong data-start=\"2159\" data-end=\"2181\">Google Tag Manager<\/strong> \u2013 zur Verwaltung von Tracking-Tags.<\/p><\/li><\/ul><h2 data-start=\"2221\" data-end=\"2252\">6. Marketing &amp; Remarketing<\/h2><ul data-start=\"2253\" data-end=\"2410\"><li data-start=\"2253\" data-end=\"2293\"><p data-start=\"2255\" data-end=\"2293\"><strong data-start=\"2255\" data-end=\"2291\">Google Ads &amp; Conversion-Tracking<\/strong><\/p><\/li><li data-start=\"2294\" data-end=\"2333\"><p data-start=\"2296\" data-end=\"2333\"><strong data-start=\"2296\" data-end=\"2331\">Meta Pixel (Facebook\/Instagram)<\/strong><\/p><\/li><li data-start=\"2334\" data-end=\"2410\"><p data-start=\"2336\" data-end=\"2410\"><strong data-start=\"2336\" data-end=\"2352\">LinkedIn Ads<\/strong><br data-start=\"2352\" data-end=\"2355\" \/>Diese Tools setzen Cookies nur nach Ihrer Zustimmung.<\/p><\/li><\/ul><h2 data-start=\"2412\" data-end=\"2442\">7. Social Media &amp; Plugins<\/h2><p data-start=\"2443\" data-end=\"2613\">Wir unterhalten Profile auf <strong data-start=\"2471\" data-end=\"2516\">Facebook, Instagram, LinkedIn und YouTube<\/strong>. Eingebettete Inhalte (z. B. YouTube-Videos, Like-Buttons) \u00fcbertragen Daten an diese Anbieter.<\/p><h2 data-start=\"2615\" data-end=\"2643\">8. Eingebettete Inhalte<\/h2><p data-start=\"2644\" data-end=\"2714\">Eingebettete YouTube-Videos nutzen den erweiterten Datenschutzmodus.<\/p><h2 data-start=\"2716\" data-end=\"2756\">9. Daten\u00fcbermittlung in Drittl\u00e4nder<\/h2><p data-start=\"2757\" data-end=\"2920\">Einige der genannten Dienste \u00fcbertragen Daten in die USA. Dies geschieht nur bei erteilter Einwilligung auf Grundlage des <strong data-start=\"2879\" data-end=\"2917\">EU\u2013US Data Privacy Framework (DPF)<\/strong>.<\/p><h2 data-start=\"2922\" data-end=\"2944\">10. Speicherdauer<\/h2><p data-start=\"2945\" data-end=\"3094\">Wir speichern personenbezogene Daten nur solange, wie es f\u00fcr die jeweiligen Zwecke erforderlich ist bzw. gesetzliche Aufbewahrungsfristen bestehen.<\/p><h2 data-start=\"3096\" data-end=\"3121\">11. Rechtsgrundlagen<\/h2><ul data-start=\"3122\" data-end=\"3274\"><li data-start=\"3122\" data-end=\"3167\"><p data-start=\"3124\" data-end=\"3167\">Art. 6 Abs. 1 lit. a DSGVO \u2013 Einwilligung<\/p><\/li><li data-start=\"3168\" data-end=\"3218\"><p data-start=\"3170\" data-end=\"3218\">Art. 6 Abs. 1 lit. b DSGVO \u2013 Vertragserf\u00fcllung<\/p><\/li><li data-start=\"3219\" data-end=\"3274\"><p data-start=\"3221\" data-end=\"3274\">Art. 6 Abs. 1 lit. f DSGVO \u2013 berechtigtes Interesse<\/p><\/li><\/ul><h2 data-start=\"3276\" data-end=\"3296\">12. Ihre Rechte<\/h2><p data-start=\"3297\" data-end=\"3333\">Sie haben jederzeit das Recht auf:<\/p><ul data-start=\"3334\" data-end=\"3550\"><li data-start=\"3334\" data-end=\"3376\"><p data-start=\"3336\" data-end=\"3376\">Auskunft \u00fcber Ihre gespeicherten Daten<\/p><\/li><li data-start=\"3377\" data-end=\"3435\"><p data-start=\"3379\" data-end=\"3435\">Berichtigung, L\u00f6schung, Einschr\u00e4nkung der Verarbeitung<\/p><\/li><li data-start=\"3436\" data-end=\"3473\"><p data-start=\"3438\" data-end=\"3473\">Widerruf erteilter Einwilligungen<\/p><\/li><li data-start=\"3474\" data-end=\"3498\"><p data-start=\"3476\" data-end=\"3498\">Daten\u00fcbertragbarkeit<\/p><\/li><li data-start=\"3499\" data-end=\"3550\"><p data-start=\"3501\" data-end=\"3550\">Beschwerde bei der zust\u00e4ndigen Aufsichtsbeh\u00f6rde<\/p><\/li><\/ul><h2 data-start=\"3552\" data-end=\"3576\">13. Datensicherheit<\/h2><p data-start=\"3577\" data-end=\"3679\">Unsere Website nutzt <strong data-start=\"3598\" data-end=\"3626\">SSL-\/TLS-Verschl\u00fcsselung<\/strong>, um Ihre Daten vor unbefugtem Zugriff zu sch\u00fctzen.<\/p><h2 data-start=\"3681\" data-end=\"3700\">14. \u00c4nderungen<\/h2><p data-start=\"3701\" data-end=\"3831\">Wir behalten uns vor, diese Datenschutzerkl\u00e4rung anzupassen, damit sie stets den aktuellen rechtlichen Anforderungen entspricht.<\/p>\t\t\t\t\t\t\t\t<\/div>\n\t\t\t\t\t<\/div>\n\t\t<\/div>\n\t\t\t\t\t<\/div>\n\t\t<\/section>\n\t\t\t\t<\/div>\n\t\t","protected":false},"excerpt":{"rendered":"<p>DATENSCHUTZERKL\u00c4RUNG STS Schwingungstechnik: Datenschutz Datenschutzerkl\u00e4rung\u00a0 STS Schwingungstechnik Schuster GmbH 1. Allgemeine Hinweise Wir nehmen den Schutz Ihrer pers\u00f6nlichen Daten sehr ernst. Personenbezogene Daten sind alle Daten, mit denen Sie pers\u00f6nlich identifiziert werden k\u00f6nnen. Diese Datenschutzerkl\u00e4rung erl\u00e4utert, welche Daten wir erheben, wie wir sie nutzen und welche Rechte Ihnen zustehen. 2. Verantwortliche Stelle STS Schwingungstechnik Schuster [&hellip;]<\/p>\n","protected":false},"author":1,"featured_media":0,"parent":0,"menu_order":10,"comment_status":"closed","ping_status":"closed","template":"","meta":{"footnotes":""},"class_list":["post-3","page","type-page","status-publish","hentry"],"yoast_head":"<!-- This site is optimized with the Yoast SEO plugin v27.4 - https:\/\/yoast.com\/product\/yoast-seo-wordpress\/ -->\n<title>Datenschutzerkl\u00e4rung - STS Schwingungstechnik<\/title>\n<meta name=\"robots\" content=\"index, follow, max-snippet:-1, max-image-preview:large, max-video-preview:-1\" \/>\n<link rel=\"canonical\" href=\"https:\/\/www.sts-schwingungstechnik.de\/en\/datenschutzerklaerung\/\" \/>\n<meta property=\"og:locale\" content=\"en_US\" \/>\n<meta property=\"og:type\" content=\"article\" \/>\n<meta property=\"og:title\" content=\"Datenschutzerkl\u00e4rung - STS Schwingungstechnik\" \/>\n<meta property=\"og:description\" content=\"DATENSCHUTZERKL\u00c4RUNG STS Schwingungstechnik: Datenschutz Datenschutzerkl\u00e4rung\u00a0 STS Schwingungstechnik Schuster GmbH 1. Allgemeine Hinweise Wir nehmen den Schutz Ihrer pers\u00f6nlichen Daten sehr ernst. Personenbezogene Daten sind alle Daten, mit denen Sie pers\u00f6nlich identifiziert werden k\u00f6nnen. Diese Datenschutzerkl\u00e4rung erl\u00e4utert, welche Daten wir erheben, wie wir sie nutzen und welche Rechte Ihnen zustehen. 2. Verantwortliche Stelle STS Schwingungstechnik Schuster [&hellip;]\" \/>\n<meta property=\"og:url\" content=\"https:\/\/www.sts-schwingungstechnik.de\/en\/datenschutzerklaerung\/\" \/>\n<meta property=\"og:site_name\" content=\"STS Schwingungstechnik\" \/>\n<meta property=\"article:publisher\" content=\"https:\/\/www.facebook.com\/pages\/STS-Schwingungstechnik-Schuster\/391478674256931\" \/>\n<meta property=\"article:modified_time\" content=\"2025-10-02T09:31:00+00:00\" \/>\n<meta name=\"twitter:card\" content=\"summary_large_image\" \/>\n<meta name=\"twitter:label1\" content=\"Est. reading time\" \/>\n\t<meta name=\"twitter:data1\" content=\"51 minutes\" \/>\n<script type=\"application\/ld+json\" class=\"yoast-schema-graph\">{\"@context\":\"https:\\\/\\\/schema.org\",\"@graph\":[{\"@type\":\"WebPage\",\"@id\":\"https:\\\/\\\/www.sts-schwingungstechnik.de\\\/en\\\/datenschutzerklaerung\\\/\",\"url\":\"https:\\\/\\\/www.sts-schwingungstechnik.de\\\/en\\\/datenschutzerklaerung\\\/\",\"name\":\"Datenschutzerkl\u00e4rung - STS Schwingungstechnik\",\"isPartOf\":{\"@id\":\"https:\\\/\\\/www.sts-schwingungstechnik.de\\\/en\\\/#website\"},\"datePublished\":\"2020-12-08T20:18:33+00:00\",\"dateModified\":\"2025-10-02T09:31:00+00:00\",\"breadcrumb\":{\"@id\":\"https:\\\/\\\/www.sts-schwingungstechnik.de\\\/en\\\/datenschutzerklaerung\\\/#breadcrumb\"},\"inLanguage\":\"en-US\",\"potentialAction\":[{\"@type\":\"ReadAction\",\"target\":[\"https:\\\/\\\/www.sts-schwingungstechnik.de\\\/en\\\/datenschutzerklaerung\\\/\"]}]},{\"@type\":\"BreadcrumbList\",\"@id\":\"https:\\\/\\\/www.sts-schwingungstechnik.de\\\/en\\\/datenschutzerklaerung\\\/#breadcrumb\",\"itemListElement\":[{\"@type\":\"ListItem\",\"position\":1,\"name\":\"Startseite\",\"item\":\"https:\\\/\\\/www.sts-schwingungstechnik.de\\\/en\\\/\"},{\"@type\":\"ListItem\",\"position\":2,\"name\":\"Datenschutzerkl\u00e4rung\"}]},{\"@type\":\"WebSite\",\"@id\":\"https:\\\/\\\/www.sts-schwingungstechnik.de\\\/en\\\/#website\",\"url\":\"https:\\\/\\\/www.sts-schwingungstechnik.de\\\/en\\\/\",\"name\":\"STS Schwingungstechnik\",\"description\":\"Schwingungsd\u00e4mpfer, Schwingungstechnik\",\"publisher\":{\"@id\":\"https:\\\/\\\/www.sts-schwingungstechnik.de\\\/en\\\/#organization\"},\"potentialAction\":[{\"@type\":\"SearchAction\",\"target\":{\"@type\":\"EntryPoint\",\"urlTemplate\":\"https:\\\/\\\/www.sts-schwingungstechnik.de\\\/en\\\/?s={search_term_string}\"},\"query-input\":{\"@type\":\"PropertyValueSpecification\",\"valueRequired\":true,\"valueName\":\"search_term_string\"}}],\"inLanguage\":\"en-US\"},{\"@type\":\"Organization\",\"@id\":\"https:\\\/\\\/www.sts-schwingungstechnik.de\\\/en\\\/#organization\",\"name\":\"STS Schwingungstechnik\",\"url\":\"https:\\\/\\\/www.sts-schwingungstechnik.de\\\/en\\\/\",\"logo\":{\"@type\":\"ImageObject\",\"inLanguage\":\"en-US\",\"@id\":\"https:\\\/\\\/www.sts-schwingungstechnik.de\\\/en\\\/#\\\/schema\\\/logo\\\/image\\\/\",\"url\":\"https:\\\/\\\/www.sts-schwingungstechnik.de\\\/wp-content\\\/uploads\\\/2021\\\/01\\\/logo2-sts.png\",\"contentUrl\":\"https:\\\/\\\/www.sts-schwingungstechnik.de\\\/wp-content\\\/uploads\\\/2021\\\/01\\\/logo2-sts.png\",\"width\":210,\"height\":129,\"caption\":\"STS Schwingungstechnik\"},\"image\":{\"@id\":\"https:\\\/\\\/www.sts-schwingungstechnik.de\\\/en\\\/#\\\/schema\\\/logo\\\/image\\\/\"},\"sameAs\":[\"https:\\\/\\\/www.facebook.com\\\/pages\\\/STS-Schwingungstechnik-Schuster\\\/391478674256931\",\"https:\\\/\\\/www.instagram.com\\\/sts_schwingungstechnik\\\/\",\"https:\\\/\\\/www.youtube.com\\\/channel\\\/UCTfpcZdKilTLHlRwauILnIQ\",\"https:\\\/\\\/de.linkedin.com\\\/company\\\/sts-schwingungstechnik-schuster-gmbh?trk=public_profile_experience-item_profile-section-card_subtitle-click\"]}]}<\/script>\n<!-- \/ Yoast SEO plugin. -->","yoast_head_json":{"title":"Datenschutzerkl\u00e4rung - STS Schwingungstechnik","robots":{"index":"index","follow":"follow","max-snippet":"max-snippet:-1","max-image-preview":"max-image-preview:large","max-video-preview":"max-video-preview:-1"},"canonical":"https:\/\/www.sts-schwingungstechnik.de\/en\/datenschutzerklaerung\/","og_locale":"en_US","og_type":"article","og_title":"Datenschutzerkl\u00e4rung - STS Schwingungstechnik","og_description":"DATENSCHUTZERKL\u00c4RUNG STS Schwingungstechnik: Datenschutz Datenschutzerkl\u00e4rung\u00a0 STS Schwingungstechnik Schuster GmbH 1. Allgemeine Hinweise Wir nehmen den Schutz Ihrer pers\u00f6nlichen Daten sehr ernst. Personenbezogene Daten sind alle Daten, mit denen Sie pers\u00f6nlich identifiziert werden k\u00f6nnen. Diese Datenschutzerkl\u00e4rung erl\u00e4utert, welche Daten wir erheben, wie wir sie nutzen und welche Rechte Ihnen zustehen. 2. Verantwortliche Stelle STS Schwingungstechnik Schuster [&hellip;]","og_url":"https:\/\/www.sts-schwingungstechnik.de\/en\/datenschutzerklaerung\/","og_site_name":"STS Schwingungstechnik","article_publisher":"https:\/\/www.facebook.com\/pages\/STS-Schwingungstechnik-Schuster\/391478674256931","article_modified_time":"2025-10-02T09:31:00+00:00","twitter_card":"summary_large_image","twitter_misc":{"Est. reading time":"51 minutes"},"schema":{"@context":"https:\/\/schema.org","@graph":[{"@type":"WebPage","@id":"https:\/\/www.sts-schwingungstechnik.de\/en\/datenschutzerklaerung\/","url":"https:\/\/www.sts-schwingungstechnik.de\/en\/datenschutzerklaerung\/","name":"Datenschutzerkl\u00e4rung - STS Schwingungstechnik","isPartOf":{"@id":"https:\/\/www.sts-schwingungstechnik.de\/en\/#website"},"datePublished":"2020-12-08T20:18:33+00:00","dateModified":"2025-10-02T09:31:00+00:00","breadcrumb":{"@id":"https:\/\/www.sts-schwingungstechnik.de\/en\/datenschutzerklaerung\/#breadcrumb"},"inLanguage":"en-US","potentialAction":[{"@type":"ReadAction","target":["https:\/\/www.sts-schwingungstechnik.de\/en\/datenschutzerklaerung\/"]}]},{"@type":"BreadcrumbList","@id":"https:\/\/www.sts-schwingungstechnik.de\/en\/datenschutzerklaerung\/#breadcrumb","itemListElement":[{"@type":"ListItem","position":1,"name":"Startseite","item":"https:\/\/www.sts-schwingungstechnik.de\/en\/"},{"@type":"ListItem","position":2,"name":"Datenschutzerkl\u00e4rung"}]},{"@type":"WebSite","@id":"https:\/\/www.sts-schwingungstechnik.de\/en\/#website","url":"https:\/\/www.sts-schwingungstechnik.de\/en\/","name":"STS Schwingungstechnik","description":"Schwingungsd\u00e4mpfer, Schwingungstechnik","publisher":{"@id":"https:\/\/www.sts-schwingungstechnik.de\/en\/#organization"},"potentialAction":[{"@type":"SearchAction","target":{"@type":"EntryPoint","urlTemplate":"https:\/\/www.sts-schwingungstechnik.de\/en\/?s={search_term_string}"},"query-input":{"@type":"PropertyValueSpecification","valueRequired":true,"valueName":"search_term_string"}}],"inLanguage":"en-US"},{"@type":"Organization","@id":"https:\/\/www.sts-schwingungstechnik.de\/en\/#organization","name":"STS Schwingungstechnik","url":"https:\/\/www.sts-schwingungstechnik.de\/en\/","logo":{"@type":"ImageObject","inLanguage":"en-US","@id":"https:\/\/www.sts-schwingungstechnik.de\/en\/#\/schema\/logo\/image\/","url":"https:\/\/www.sts-schwingungstechnik.de\/wp-content\/uploads\/2021\/01\/logo2-sts.png","contentUrl":"https:\/\/www.sts-schwingungstechnik.de\/wp-content\/uploads\/2021\/01\/logo2-sts.png","width":210,"height":129,"caption":"STS Schwingungstechnik"},"image":{"@id":"https:\/\/www.sts-schwingungstechnik.de\/en\/#\/schema\/logo\/image\/"},"sameAs":["https:\/\/www.facebook.com\/pages\/STS-Schwingungstechnik-Schuster\/391478674256931","https:\/\/www.instagram.com\/sts_schwingungstechnik\/","https:\/\/www.youtube.com\/channel\/UCTfpcZdKilTLHlRwauILnIQ","https:\/\/de.linkedin.com\/company\/sts-schwingungstechnik-schuster-gmbh?trk=public_profile_experience-item_profile-section-card_subtitle-click"]}]}},"_links":{"self":[{"href":"https:\/\/www.sts-schwingungstechnik.de\/en\/wp-json\/wp\/v2\/pages\/3","targetHints":{"allow":["GET"]}}],"collection":[{"href":"https:\/\/www.sts-schwingungstechnik.de\/en\/wp-json\/wp\/v2\/pages"}],"about":[{"href":"https:\/\/www.sts-schwingungstechnik.de\/en\/wp-json\/wp\/v2\/types\/page"}],"author":[{"embeddable":true,"href":"https:\/\/www.sts-schwingungstechnik.de\/en\/wp-json\/wp\/v2\/users\/1"}],"replies":[{"embeddable":true,"href":"https:\/\/www.sts-schwingungstechnik.de\/en\/wp-json\/wp\/v2\/comments?post=3"}],"version-history":[{"count":0,"href":"https:\/\/www.sts-schwingungstechnik.de\/en\/wp-json\/wp\/v2\/pages\/3\/revisions"}],"wp:attachment":[{"href":"https:\/\/www.sts-schwingungstechnik.de\/en\/wp-json\/wp\/v2\/media?parent=3"}],"curies":[{"name":"wp","href":"https:\/\/api.w.org\/{rel}","templated":true}]}}