{"id":4797,"date":"2021-06-09T15:51:59","date_gmt":"2021-06-09T13:51:59","guid":{"rendered":"https:\/\/www.sts-schwingungstechnik.de\/?page_id=4797"},"modified":"2025-02-26T13:09:41","modified_gmt":"2025-02-26T12:09:41","slug":"impressum","status":"publish","type":"page","link":"https:\/\/www.sts-schwingungstechnik.de\/en\/impressum\/","title":{"rendered":"Impressum"},"content":{"rendered":"\t\t<div data-elementor-type=\"wp-page\" data-elementor-id=\"4797\" class=\"elementor elementor-4797\" data-elementor-post-type=\"page\">\n\t\t\t\t\t\t<section class=\"elementor-section elementor-top-section elementor-element elementor-element-8014035 elementor-section-full_width elementor-section-height-min-height elementor-section-items-stretch elementor-section-content-middle elementor-section-height-default\" data-id=\"8014035\" data-element_type=\"section\" data-e-type=\"section\" data-settings=\"{&quot;background_background&quot;:&quot;classic&quot;}\">\n\t\t\t\t\t\t\t<div class=\"elementor-background-overlay\"><\/div>\n\t\t\t\t\t\t\t<div class=\"elementor-container elementor-column-gap-no\">\n\t\t\t\t\t<div class=\"elementor-column elementor-col-100 elementor-top-column elementor-element elementor-element-bb85c21\" data-id=\"bb85c21\" data-element_type=\"column\" data-e-type=\"column\">\n\t\t\t<div class=\"elementor-widget-wrap elementor-element-populated\">\n\t\t\t\t\t\t<div class=\"elementor-element elementor-element-6ad10ea elementor-widget elementor-widget-text-editor\" data-id=\"6ad10ea\" data-element_type=\"widget\" data-e-type=\"widget\" data-widget_type=\"text-editor.default\">\n\t\t\t\t\t\t\t\t\t<p>IMPRESSUM<\/p>\t\t\t\t\t\t\t\t<\/div>\n\t\t\t\t\t<\/div>\n\t\t<\/div>\n\t\t\t\t\t<\/div>\n\t\t<\/section>\n\t\t\t\t<section class=\"elementor-section elementor-top-section elementor-element elementor-element-2e7fbf40 elementor-section-boxed elementor-section-height-default elementor-section-height-default\" data-id=\"2e7fbf40\" data-element_type=\"section\" data-e-type=\"section\">\n\t\t\t\t\t\t<div class=\"elementor-container elementor-column-gap-default\">\n\t\t\t\t\t<div class=\"elementor-column elementor-col-100 elementor-top-column elementor-element elementor-element-354c0e31\" data-id=\"354c0e31\" data-element_type=\"column\" data-e-type=\"column\">\n\t\t\t<div class=\"elementor-widget-wrap elementor-element-populated\">\n\t\t\t\t\t\t<div class=\"elementor-element elementor-element-921a4ef elementor-widget__width-initial elementor-widget elementor-widget-heading\" data-id=\"921a4ef\" data-element_type=\"widget\" data-e-type=\"widget\" data-widget_type=\"heading.default\">\n\t\t\t\t\t<h1 class=\"elementor-heading-title elementor-size-xl\">STS Schwingungstechnik: Impressum<\/h1>\t\t\t\t<\/div>\n\t\t\t\t<div class=\"elementor-element elementor-element-75f1adc1 elementor-widget__width-initial elementor-widget elementor-widget-text-editor\" data-id=\"75f1adc1\" data-element_type=\"widget\" data-e-type=\"widget\" data-widget_type=\"text-editor.default\">\n\t\t\t\t\t\t\t\t\t<p>STS Schwingungstechnik Schuster GmbH<br \/>Adam-Riese-Str. 7<br \/>73529 Schw\u00e4bisch Gm\u00fcnd<\/p><h2>Vertreten durch:<\/h2><p>STS Schwingungstechnik Schuster GmbH, vertreten durch den Gesch\u00e4ftsf\u00fchrer Harald Schuster.<\/p><h2>Kontakt:<\/h2><p>Telefon: 0717179830<br \/>Telefax: 071717983600<br \/>E-Mail: info@sts-schwingungstechnik.de<\/p><h2>Registereintrag:<\/h2><p>Eintragung im Handelsregister. <br \/>Registergericht:Ulm <br \/>Registernummer: HRB 720457<\/p><h2>Umsatzsteuer:<\/h2><p>Umsatzsteuer-Identifikationsnummer gem\u00e4\u00df \u00a727 a Umsatzsteuergesetz:<br \/>DE 251442727<\/p><h2>Angaben zur Berufshaftpflichtversicherung<\/h2><p>Name und Sitz des Versicherers:<br \/>Mannheimer Versicherungs AG<br \/>Augustaanlage 66<br \/>68165 Mannheim<\/p><p>Geltungsraum der Versicherung: Deutschland<\/p><h2>Streitschlichtung<\/h2><p>Die Europ\u00e4ische Kommission stellt eine Plattform zur Online-Streitbeilegung (OS) bereit: <a href=\"https:\/\/ec.europa.eu\/consumers\/odr\" target=\"_blank\" rel=\"noopener\" title=\"https:\/\/ec.europa.eu\/consumers\/odr\">https:\/\/ec.europa.eu\/consumers\/odr<\/a>.<br \/>Unsere E-Mail-Adresse finden Sie oben im Impressum.<\/p><p>Wir sind nicht bereit oder verpflichtet, an Streitbeilegungsverfahren vor einer Verbraucherschlichtungsstelle teilzunehmen.<\/p><h3>Haftung f\u00fcr Inhalte<\/h3><p>Als Diensteanbieter sind wir gem\u00e4\u00df \u00a7 7 Abs.1 TMG f\u00fcr eigene Inhalte auf diesen Seiten nach den allgemeinen Gesetzen verantwortlich. Nach \u00a7\u00a7 8 bis 10 TMG sind wir als Diensteanbieter jedoch nicht verpflichtet, \u00fcbermittelte oder gespeicherte fremde Informationen zu \u00fcberwachen oder nach Umst\u00e4nden zu forschen, die auf eine rechtswidrige T\u00e4tigkeit hinweisen.<\/p><p>Verpflichtungen zur Entfernung oder Sperrung der Nutzung von Informationen nach den allgemeinen Gesetzen bleiben hiervon unber\u00fchrt. Eine diesbez\u00fcgliche Haftung ist jedoch erst ab dem Zeitpunkt der Kenntnis einer konkreten Rechtsverletzung m\u00f6glich. Bei Bekanntwerden von entsprechenden Rechtsverletzungen werden wir diese Inhalte umgehend entfernen.<\/p><h3>Haftung f\u00fcr Links<\/h3><p>Unser Angebot enth\u00e4lt Links zu externen Websites Dritter, auf deren Inhalte wir keinen Einfluss haben. Deshalb k\u00f6nnen wir f\u00fcr diese fremden Inhalte auch keine Gew\u00e4hr \u00fcbernehmen. F\u00fcr die Inhalte der verlinkten Seiten ist stets der jeweilige Anbieter oder Betreiber der Seiten verantwortlich. Die verlinkten Seiten wurden zum Zeitpunkt der Verlinkung auf m\u00f6gliche Rechtsverst\u00f6\u00dfe \u00fcberpr\u00fcft. Rechtswidrige Inhalte waren zum Zeitpunkt der Verlinkung nicht erkennbar.<\/p><p>Eine permanente inhaltliche Kontrolle der verlinkten Seiten ist jedoch ohne konkrete Anhaltspunkte einer Rechtsverletzung nicht zumutbar. Bei Bekanntwerden von Rechtsverletzungen werden wir derartige Links umgehend entfernen.<\/p><h3>Urheberrecht<\/h3><p>Die durch die Seitenbetreiber erstellten Inhalte und Werke auf diesen Seiten unterliegen dem deutschen Urheberrecht. Die Vervielf\u00e4ltigung, Bearbeitung, Verbreitung und jede Art der Verwertung au\u00dferhalb der Grenzen des Urheberrechtes bed\u00fcrfen der schriftlichen Zustimmung des jeweiligen Autors bzw. Erstellers. Downloads und Kopien dieser Seite sind nur f\u00fcr den privaten, nicht kommerziellen Gebrauch gestattet.<\/p><p>Soweit die Inhalte auf dieser Seite nicht vom Betreiber erstellt wurden, werden die Urheberrechte Dritter beachtet. Insbesondere werden Inhalte Dritter als solche gekennzeichnet. Sollten Sie trotzdem auf eine Urheberrechtsverletzung aufmerksam werden, bitten wir um einen entsprechenden Hinweis. Bei Bekanntwerden von Rechtsverletzungen werden wir derartige Inhalte umgehend entfernen.<\/p><h4>Quellenangaben f\u00fcr die verwendeten Bilder und Grafiken:<\/h4><p>fotolia.de<\/p>\t\t\t\t\t\t\t\t<\/div>\n\t\t\t\t\t<\/div>\n\t\t<\/div>\n\t\t\t\t\t<\/div>\n\t\t<\/section>\n\t\t\t\t<\/div>\n\t\t","protected":false},"excerpt":{"rendered":"<p>IMPRESSUM STS Schwingungstechnik: Impressum STS Schwingungstechnik Schuster GmbHAdam-Riese-Str. 773529 Schw\u00e4bisch Gm\u00fcnd Vertreten durch: STS Schwingungstechnik Schuster GmbH, vertreten durch den Gesch\u00e4ftsf\u00fchrer Harald Schuster. Kontakt: Telefon: 0717179830Telefax: 071717983600E-Mail: info@sts-schwingungstechnik.de Registereintrag: Eintragung im Handelsregister. Registergericht:Ulm Registernummer: HRB 720457 Umsatzsteuer: Umsatzsteuer-Identifikationsnummer gem\u00e4\u00df \u00a727 a Umsatzsteuergesetz:DE 251442727 Angaben zur Berufshaftpflichtversicherung Name und Sitz des Versicherers:Mannheimer Versicherungs AGAugustaanlage 6668165 Mannheim [&hellip;]<\/p>\n","protected":false},"author":1,"featured_media":0,"parent":0,"menu_order":10,"comment_status":"closed","ping_status":"closed","template":"","meta":{"footnotes":""},"class_list":["post-4797","page","type-page","status-publish","hentry"],"yoast_head":"<!-- This site is optimized with the Yoast SEO plugin v27.4 - https:\/\/yoast.com\/product\/yoast-seo-wordpress\/ -->\n<title>Impressum - STS Schwingungstechnik<\/title>\n<meta name=\"robots\" content=\"index, follow, max-snippet:-1, max-image-preview:large, max-video-preview:-1\" \/>\n<link rel=\"canonical\" href=\"https:\/\/www.sts-schwingungstechnik.de\/en\/impressum\/\" \/>\n<meta property=\"og:locale\" content=\"en_US\" \/>\n<meta property=\"og:type\" content=\"article\" \/>\n<meta property=\"og:title\" content=\"Impressum - STS Schwingungstechnik\" \/>\n<meta property=\"og:description\" content=\"IMPRESSUM STS Schwingungstechnik: Impressum STS Schwingungstechnik Schuster GmbHAdam-Riese-Str. 773529 Schw\u00e4bisch Gm\u00fcnd Vertreten durch: STS Schwingungstechnik Schuster GmbH, vertreten durch den Gesch\u00e4ftsf\u00fchrer Harald Schuster. Kontakt: Telefon: 0717179830Telefax: 071717983600E-Mail: info@sts-schwingungstechnik.de Registereintrag: Eintragung im Handelsregister. Registergericht:Ulm Registernummer: HRB 720457 Umsatzsteuer: Umsatzsteuer-Identifikationsnummer gem\u00e4\u00df \u00a727 a Umsatzsteuergesetz:DE 251442727 Angaben zur Berufshaftpflichtversicherung Name und Sitz des Versicherers:Mannheimer Versicherungs AGAugustaanlage 6668165 Mannheim [&hellip;]\" \/>\n<meta property=\"og:url\" content=\"https:\/\/www.sts-schwingungstechnik.de\/en\/impressum\/\" \/>\n<meta property=\"og:site_name\" content=\"STS Schwingungstechnik\" \/>\n<meta property=\"article:publisher\" content=\"https:\/\/www.facebook.com\/pages\/STS-Schwingungstechnik-Schuster\/391478674256931\" \/>\n<meta property=\"article:modified_time\" content=\"2025-02-26T12:09:41+00:00\" \/>\n<meta name=\"twitter:card\" content=\"summary_large_image\" \/>\n<meta name=\"twitter:label1\" content=\"Est. reading time\" \/>\n\t<meta name=\"twitter:data1\" content=\"2 minutes\" \/>\n<script type=\"application\/ld+json\" class=\"yoast-schema-graph\">{\"@context\":\"https:\\\/\\\/schema.org\",\"@graph\":[{\"@type\":\"WebPage\",\"@id\":\"https:\\\/\\\/www.sts-schwingungstechnik.de\\\/en\\\/impressum\\\/\",\"url\":\"https:\\\/\\\/www.sts-schwingungstechnik.de\\\/en\\\/impressum\\\/\",\"name\":\"Impressum - STS Schwingungstechnik\",\"isPartOf\":{\"@id\":\"https:\\\/\\\/www.sts-schwingungstechnik.de\\\/en\\\/#website\"},\"datePublished\":\"2021-06-09T13:51:59+00:00\",\"dateModified\":\"2025-02-26T12:09:41+00:00\",\"breadcrumb\":{\"@id\":\"https:\\\/\\\/www.sts-schwingungstechnik.de\\\/en\\\/impressum\\\/#breadcrumb\"},\"inLanguage\":\"en-US\",\"potentialAction\":[{\"@type\":\"ReadAction\",\"target\":[\"https:\\\/\\\/www.sts-schwingungstechnik.de\\\/en\\\/impressum\\\/\"]}]},{\"@type\":\"BreadcrumbList\",\"@id\":\"https:\\\/\\\/www.sts-schwingungstechnik.de\\\/en\\\/impressum\\\/#breadcrumb\",\"itemListElement\":[{\"@type\":\"ListItem\",\"position\":1,\"name\":\"Startseite\",\"item\":\"https:\\\/\\\/www.sts-schwingungstechnik.de\\\/en\\\/\"},{\"@type\":\"ListItem\",\"position\":2,\"name\":\"Impressum\"}]},{\"@type\":\"WebSite\",\"@id\":\"https:\\\/\\\/www.sts-schwingungstechnik.de\\\/en\\\/#website\",\"url\":\"https:\\\/\\\/www.sts-schwingungstechnik.de\\\/en\\\/\",\"name\":\"STS Schwingungstechnik\",\"description\":\"Schwingungsd\u00e4mpfer, Schwingungstechnik\",\"publisher\":{\"@id\":\"https:\\\/\\\/www.sts-schwingungstechnik.de\\\/en\\\/#organization\"},\"potentialAction\":[{\"@type\":\"SearchAction\",\"target\":{\"@type\":\"EntryPoint\",\"urlTemplate\":\"https:\\\/\\\/www.sts-schwingungstechnik.de\\\/en\\\/?s={search_term_string}\"},\"query-input\":{\"@type\":\"PropertyValueSpecification\",\"valueRequired\":true,\"valueName\":\"search_term_string\"}}],\"inLanguage\":\"en-US\"},{\"@type\":\"Organization\",\"@id\":\"https:\\\/\\\/www.sts-schwingungstechnik.de\\\/en\\\/#organization\",\"name\":\"STS Schwingungstechnik\",\"url\":\"https:\\\/\\\/www.sts-schwingungstechnik.de\\\/en\\\/\",\"logo\":{\"@type\":\"ImageObject\",\"inLanguage\":\"en-US\",\"@id\":\"https:\\\/\\\/www.sts-schwingungstechnik.de\\\/en\\\/#\\\/schema\\\/logo\\\/image\\\/\",\"url\":\"https:\\\/\\\/www.sts-schwingungstechnik.de\\\/wp-content\\\/uploads\\\/2021\\\/01\\\/logo2-sts.png\",\"contentUrl\":\"https:\\\/\\\/www.sts-schwingungstechnik.de\\\/wp-content\\\/uploads\\\/2021\\\/01\\\/logo2-sts.png\",\"width\":210,\"height\":129,\"caption\":\"STS Schwingungstechnik\"},\"image\":{\"@id\":\"https:\\\/\\\/www.sts-schwingungstechnik.de\\\/en\\\/#\\\/schema\\\/logo\\\/image\\\/\"},\"sameAs\":[\"https:\\\/\\\/www.facebook.com\\\/pages\\\/STS-Schwingungstechnik-Schuster\\\/391478674256931\",\"https:\\\/\\\/www.instagram.com\\\/sts_schwingungstechnik\\\/\",\"https:\\\/\\\/www.youtube.com\\\/channel\\\/UCTfpcZdKilTLHlRwauILnIQ\",\"https:\\\/\\\/de.linkedin.com\\\/company\\\/sts-schwingungstechnik-schuster-gmbh?trk=public_profile_experience-item_profile-section-card_subtitle-click\"]}]}<\/script>\n<!-- \/ Yoast SEO plugin. -->","yoast_head_json":{"title":"Impressum - STS Schwingungstechnik","robots":{"index":"index","follow":"follow","max-snippet":"max-snippet:-1","max-image-preview":"max-image-preview:large","max-video-preview":"max-video-preview:-1"},"canonical":"https:\/\/www.sts-schwingungstechnik.de\/en\/impressum\/","og_locale":"en_US","og_type":"article","og_title":"Impressum - STS Schwingungstechnik","og_description":"IMPRESSUM STS Schwingungstechnik: Impressum STS Schwingungstechnik Schuster GmbHAdam-Riese-Str. 773529 Schw\u00e4bisch Gm\u00fcnd Vertreten durch: STS Schwingungstechnik Schuster GmbH, vertreten durch den Gesch\u00e4ftsf\u00fchrer Harald Schuster. Kontakt: Telefon: 0717179830Telefax: 071717983600E-Mail: info@sts-schwingungstechnik.de Registereintrag: Eintragung im Handelsregister. Registergericht:Ulm Registernummer: HRB 720457 Umsatzsteuer: Umsatzsteuer-Identifikationsnummer gem\u00e4\u00df \u00a727 a Umsatzsteuergesetz:DE 251442727 Angaben zur Berufshaftpflichtversicherung Name und Sitz des Versicherers:Mannheimer Versicherungs AGAugustaanlage 6668165 Mannheim [&hellip;]","og_url":"https:\/\/www.sts-schwingungstechnik.de\/en\/impressum\/","og_site_name":"STS Schwingungstechnik","article_publisher":"https:\/\/www.facebook.com\/pages\/STS-Schwingungstechnik-Schuster\/391478674256931","article_modified_time":"2025-02-26T12:09:41+00:00","twitter_card":"summary_large_image","twitter_misc":{"Est. reading time":"2 minutes"},"schema":{"@context":"https:\/\/schema.org","@graph":[{"@type":"WebPage","@id":"https:\/\/www.sts-schwingungstechnik.de\/en\/impressum\/","url":"https:\/\/www.sts-schwingungstechnik.de\/en\/impressum\/","name":"Impressum - STS Schwingungstechnik","isPartOf":{"@id":"https:\/\/www.sts-schwingungstechnik.de\/en\/#website"},"datePublished":"2021-06-09T13:51:59+00:00","dateModified":"2025-02-26T12:09:41+00:00","breadcrumb":{"@id":"https:\/\/www.sts-schwingungstechnik.de\/en\/impressum\/#breadcrumb"},"inLanguage":"en-US","potentialAction":[{"@type":"ReadAction","target":["https:\/\/www.sts-schwingungstechnik.de\/en\/impressum\/"]}]},{"@type":"BreadcrumbList","@id":"https:\/\/www.sts-schwingungstechnik.de\/en\/impressum\/#breadcrumb","itemListElement":[{"@type":"ListItem","position":1,"name":"Startseite","item":"https:\/\/www.sts-schwingungstechnik.de\/en\/"},{"@type":"ListItem","position":2,"name":"Impressum"}]},{"@type":"WebSite","@id":"https:\/\/www.sts-schwingungstechnik.de\/en\/#website","url":"https:\/\/www.sts-schwingungstechnik.de\/en\/","name":"STS Schwingungstechnik","description":"Schwingungsd\u00e4mpfer, Schwingungstechnik","publisher":{"@id":"https:\/\/www.sts-schwingungstechnik.de\/en\/#organization"},"potentialAction":[{"@type":"SearchAction","target":{"@type":"EntryPoint","urlTemplate":"https:\/\/www.sts-schwingungstechnik.de\/en\/?s={search_term_string}"},"query-input":{"@type":"PropertyValueSpecification","valueRequired":true,"valueName":"search_term_string"}}],"inLanguage":"en-US"},{"@type":"Organization","@id":"https:\/\/www.sts-schwingungstechnik.de\/en\/#organization","name":"STS Schwingungstechnik","url":"https:\/\/www.sts-schwingungstechnik.de\/en\/","logo":{"@type":"ImageObject","inLanguage":"en-US","@id":"https:\/\/www.sts-schwingungstechnik.de\/en\/#\/schema\/logo\/image\/","url":"https:\/\/www.sts-schwingungstechnik.de\/wp-content\/uploads\/2021\/01\/logo2-sts.png","contentUrl":"https:\/\/www.sts-schwingungstechnik.de\/wp-content\/uploads\/2021\/01\/logo2-sts.png","width":210,"height":129,"caption":"STS Schwingungstechnik"},"image":{"@id":"https:\/\/www.sts-schwingungstechnik.de\/en\/#\/schema\/logo\/image\/"},"sameAs":["https:\/\/www.facebook.com\/pages\/STS-Schwingungstechnik-Schuster\/391478674256931","https:\/\/www.instagram.com\/sts_schwingungstechnik\/","https:\/\/www.youtube.com\/channel\/UCTfpcZdKilTLHlRwauILnIQ","https:\/\/de.linkedin.com\/company\/sts-schwingungstechnik-schuster-gmbh?trk=public_profile_experience-item_profile-section-card_subtitle-click"]}]}},"_links":{"self":[{"href":"https:\/\/www.sts-schwingungstechnik.de\/en\/wp-json\/wp\/v2\/pages\/4797","targetHints":{"allow":["GET"]}}],"collection":[{"href":"https:\/\/www.sts-schwingungstechnik.de\/en\/wp-json\/wp\/v2\/pages"}],"about":[{"href":"https:\/\/www.sts-schwingungstechnik.de\/en\/wp-json\/wp\/v2\/types\/page"}],"author":[{"embeddable":true,"href":"https:\/\/www.sts-schwingungstechnik.de\/en\/wp-json\/wp\/v2\/users\/1"}],"replies":[{"embeddable":true,"href":"https:\/\/www.sts-schwingungstechnik.de\/en\/wp-json\/wp\/v2\/comments?post=4797"}],"version-history":[{"count":0,"href":"https:\/\/www.sts-schwingungstechnik.de\/en\/wp-json\/wp\/v2\/pages\/4797\/revisions"}],"wp:attachment":[{"href":"https:\/\/www.sts-schwingungstechnik.de\/en\/wp-json\/wp\/v2\/media?parent=4797"}],"curies":[{"name":"wp","href":"https:\/\/api.w.org\/{rel}","templated":true}]}}